{"id":7,"date":"2018-09-10T10:04:22","date_gmt":"2018-09-10T08:04:22","guid":{"rendered":"http:\/\/brj.doffdata.se\/?page_id=7"},"modified":"2025-12-01T10:58:59","modified_gmt":"2025-12-01T09:58:59","slug":"start","status":"publish","type":"page","link":"https:\/\/brj.se\/","title":{"rendered":"START"},"content":{"rendered":"<p><div class=\"fusion-fullwidth fullwidth-box fusion-builder-row-1 hundred-percent-fullwidth non-hundred-percent-height-scrolling\" style=\"--awb-border-radius-top-left:0px;--awb-border-radius-top-right:0px;--awb-border-radius-bottom-right:0px;--awb-border-radius-bottom-left:0px;--awb-flex-wrap:wrap;\" ><div class=\"fusion-builder-row fusion-row\"><div class=\"fusion-layout-column fusion_builder_column fusion-builder-column-0 fusion_builder_column_1_1 1_1 fusion-one-full fusion-column-first fusion-column-last\" style=\"--awb-bg-size:cover;\"><div class=\"fusion-column-wrapper fusion-flex-column-wrapper-legacy\"><div class=\"fusion-image-element fusion-image-align-center in-legacy-container\" style=\"text-align:center;--awb-caption-title-font-family:var(--h2_typography-font-family);--awb-caption-title-font-weight:var(--h2_typography-font-weight);--awb-caption-title-font-style:var(--h2_typography-font-style);--awb-caption-title-size:var(--h2_typography-font-size);--awb-caption-title-transform:var(--h2_typography-text-transform);--awb-caption-title-line-height:var(--h2_typography-line-height);--awb-caption-title-letter-spacing:var(--h2_typography-letter-spacing);\"><div class=\"imageframe-align-center\"><span class=\" fusion-imageframe imageframe-none imageframe-1 hover-type-none\"><img decoding=\"async\" width=\"1920\" height=\"530\" title=\"BRJ_Start_12_1920x530\" src=\"http:\/\/brj.doffdata.se\/wp-content\/uploads\/2018\/09\/BRJ_Start_12_1920x530.jpg\" alt class=\"img-responsive wp-image-51\" srcset=\"https:\/\/brj.se\/wp-content\/uploads\/2018\/09\/BRJ_Start_12_1920x530-200x55.jpg 200w, https:\/\/brj.se\/wp-content\/uploads\/2018\/09\/BRJ_Start_12_1920x530-400x110.jpg 400w, https:\/\/brj.se\/wp-content\/uploads\/2018\/09\/BRJ_Start_12_1920x530-600x166.jpg 600w, https:\/\/brj.se\/wp-content\/uploads\/2018\/09\/BRJ_Start_12_1920x530-800x221.jpg 800w, https:\/\/brj.se\/wp-content\/uploads\/2018\/09\/BRJ_Start_12_1920x530-1200x331.jpg 1200w, https:\/\/brj.se\/wp-content\/uploads\/2018\/09\/BRJ_Start_12_1920x530.jpg 1920w\" sizes=\"(max-width: 800px) 100vw, 1920px\" \/><\/span><\/div><\/div><div class=\"fusion-clearfix\"><\/div><\/div><\/div><\/div><\/div><div class=\"fusion-fullwidth fullwidth-box fusion-builder-row-2 nonhundred-percent-fullwidth non-hundred-percent-height-scrolling\" style=\"--awb-border-radius-top-left:0px;--awb-border-radius-top-right:0px;--awb-border-radius-bottom-right:0px;--awb-border-radius-bottom-left:0px;--awb-margin-top:0px;--awb-margin-bottom:0px;--awb-background-color:#ffffff;--awb-flex-wrap:wrap;\" ><div class=\"fusion-builder-row fusion-row\"><div class=\"fusion-layout-column fusion_builder_column fusion-builder-column-1 fusion_builder_column_1_1 1_1 fusion-one-full fusion-column-first fusion-column-last\" style=\"--awb-padding-top:15px;--awb-padding-bottom:25px;--awb-bg-size:cover;\"><div class=\"fusion-column-wrapper fusion-flex-column-wrapper-legacy\"><div class=\"fusion-text fusion-text-1\"><h1 style=\"text-align: center;\">V\u00c4LKOMMEN TILL Br. JOHANSSONS TR\u00c4F\u00d6R\u00c4DLING<\/h1>\n<\/div><div class=\"fusion-text fusion-text-2\"><h4 style=\"text-align: center;\">\u00a0F\u00f6retaget med tradition och nyt\u00e4nkande<\/h4>\n<\/div><div class=\"fusion-clearfix\"><\/div><\/div><\/div><\/div><\/div><div class=\"fusion-fullwidth fullwidth-box fusion-builder-row-3 nonhundred-percent-fullwidth non-hundred-percent-height-scrolling fusion-equal-height-columns\" style=\"--awb-border-radius-top-left:0px;--awb-border-radius-top-right:0px;--awb-border-radius-bottom-right:0px;--awb-border-radius-bottom-left:0px;--awb-padding-right:19%;--awb-padding-left:19%;--awb-flex-wrap:wrap;\" ><div class=\"fusion-builder-row fusion-row\"><div class=\"fusion-layout-column fusion_builder_column fusion-builder-column-2 fusion_builder_column_1_4 1_4 fusion-one-fourth fusion-column-first fusion-column-no-min-height fusion-column-inner-bg-wrapper\" style=\"--awb-inner-bg-size:cover;width:25%;width:calc(25% - ( ( 0% + 0% + 0% ) * 0.25 ) );margin-right: 0%;\" data-scroll-devices=\"small-visibility,medium-visibility,large-visibility\"><span class=\"fusion-column-inner-bg hover-type-none\"><a class=\"fusion-column-anchor\" href=\"https:\/\/brj.se\/?page_id=140\"><span class=\"fusion-column-inner-bg-image\"><\/span><\/a><\/span><div class=\"fusion-column-wrapper fusion-column-has-shadow fusion-flex-column-wrapper-legacy\"><div class=\"fusion-image-element fusion-image-align-center in-legacy-container\" style=\"text-align:center;--awb-caption-title-font-family:var(--h2_typography-font-family);--awb-caption-title-font-weight:var(--h2_typography-font-weight);--awb-caption-title-font-style:var(--h2_typography-font-style);--awb-caption-title-size:var(--h2_typography-font-size);--awb-caption-title-transform:var(--h2_typography-text-transform);--awb-caption-title-line-height:var(--h2_typography-line-height);--awb-caption-title-letter-spacing:var(--h2_typography-letter-spacing);\"><div class=\"imageframe-align-center\"><span class=\" fusion-imageframe imageframe-none imageframe-2 hover-type-zoomin\"><a class=\"fusion-no-lightbox\" href=\"https:\/\/brj.se\/?page_id=140\" target=\"_self\" aria-label=\"BRJ_portx1_476x381\"><img decoding=\"async\" width=\"476\" height=\"381\" src=\"https:\/\/brj.se\/wp-content\/uploads\/2018\/09\/BRJ_portx1_476x381.jpg\" alt class=\"img-responsive wp-image-42\" srcset=\"https:\/\/brj.se\/wp-content\/uploads\/2018\/09\/BRJ_portx1_476x381-200x160.jpg 200w, https:\/\/brj.se\/wp-content\/uploads\/2018\/09\/BRJ_portx1_476x381-400x320.jpg 400w, https:\/\/brj.se\/wp-content\/uploads\/2018\/09\/BRJ_portx1_476x381.jpg 476w\" sizes=\"(max-width: 800px) 100vw, 476px\" \/><\/a><\/span><\/div><\/div><div class=\"fusion-sep-clear\"><\/div><div class=\"fusion-separator fusion-full-width-sep\" style=\"margin-left: auto;margin-right: auto;margin-top:-1px;width:100%;\"><div class=\"fusion-separator-border sep-single sep-solid\" style=\"--awb-height:20px;--awb-amount:20px;--awb-sep-color:#000000;border-color:#000000;border-top-width:25px;\"><\/div><\/div><div class=\"fusion-sep-clear\"><\/div><div class=\"fusion-clearfix\"><\/div><\/div><\/div><div class=\"fusion-layout-column fusion_builder_column fusion-builder-column-3 fusion_builder_column_1_4 1_4 fusion-one-fourth fusion-column-no-min-height fusion-column-inner-bg-wrapper\" style=\"--awb-inner-bg-size:cover;width:25%;width:calc(25% - ( ( 0% + 0% + 0% ) * 0.25 ) );margin-right: 0%;\" data-scroll-devices=\"small-visibility,medium-visibility,large-visibility\"><span class=\"fusion-column-inner-bg hover-type-none\"><a class=\"fusion-column-anchor\" href=\"https:\/\/brj.se\/?page_id=166\"><span class=\"fusion-column-inner-bg-image\"><\/span><\/a><\/span><div class=\"fusion-column-wrapper fusion-column-has-shadow fusion-flex-column-wrapper-legacy\"><div class=\"fusion-image-element fusion-image-align-center in-legacy-container\" style=\"text-align:center;--awb-caption-title-font-family:var(--h2_typography-font-family);--awb-caption-title-font-weight:var(--h2_typography-font-weight);--awb-caption-title-font-style:var(--h2_typography-font-style);--awb-caption-title-size:var(--h2_typography-font-size);--awb-caption-title-transform:var(--h2_typography-text-transform);--awb-caption-title-line-height:var(--h2_typography-line-height);--awb-caption-title-letter-spacing:var(--h2_typography-letter-spacing);\"><div class=\"imageframe-align-center\"><span class=\" fusion-imageframe imageframe-none imageframe-3 hover-type-zoomin\"><a class=\"fusion-no-lightbox\" href=\"https:\/\/brj.se\/?page_id=166\" target=\"_self\" aria-label=\"BRJ_portx2_476x381\"><img decoding=\"async\" width=\"476\" height=\"381\" src=\"https:\/\/brj.se\/wp-content\/uploads\/2018\/09\/BRJ_portx2_476x381.jpg\" alt class=\"img-responsive wp-image-43\" srcset=\"https:\/\/brj.se\/wp-content\/uploads\/2018\/09\/BRJ_portx2_476x381-200x160.jpg 200w, https:\/\/brj.se\/wp-content\/uploads\/2018\/09\/BRJ_portx2_476x381-400x320.jpg 400w, https:\/\/brj.se\/wp-content\/uploads\/2018\/09\/BRJ_portx2_476x381.jpg 476w\" sizes=\"(max-width: 800px) 100vw, 476px\" \/><\/a><\/span><\/div><\/div><div class=\"fusion-sep-clear\"><\/div><div class=\"fusion-separator fusion-full-width-sep\" style=\"margin-left: auto;margin-right: auto;margin-top:-1px;width:100%;\"><div class=\"fusion-separator-border sep-single sep-solid\" style=\"--awb-height:20px;--awb-amount:20px;--awb-sep-color:#000000;border-color:#000000;border-top-width:25px;\"><\/div><\/div><div class=\"fusion-sep-clear\"><\/div><div class=\"fusion-clearfix\"><\/div><\/div><\/div><div class=\"fusion-layout-column fusion_builder_column fusion-builder-column-4 fusion_builder_column_1_4 1_4 fusion-one-fourth fusion-column-no-min-height fusion-column-inner-bg-wrapper\" style=\"--awb-inner-bg-size:cover;width:25%;width:calc(25% - ( ( 0% + 0% + 0% ) * 0.25 ) );margin-right: 0%;\" data-scroll-devices=\"small-visibility,medium-visibility,large-visibility\"><span class=\"fusion-column-inner-bg hover-type-none\"><a class=\"fusion-column-anchor\" href=\"https:\/\/brj.se\/?page_id=172\"><span class=\"fusion-column-inner-bg-image\"><\/span><\/a><\/span><div class=\"fusion-column-wrapper fusion-column-has-shadow fusion-flex-column-wrapper-legacy\"><div class=\"fusion-image-element fusion-image-align-center in-legacy-container\" style=\"text-align:center;--awb-caption-title-font-family:var(--h2_typography-font-family);--awb-caption-title-font-weight:var(--h2_typography-font-weight);--awb-caption-title-font-style:var(--h2_typography-font-style);--awb-caption-title-size:var(--h2_typography-font-size);--awb-caption-title-transform:var(--h2_typography-text-transform);--awb-caption-title-line-height:var(--h2_typography-line-height);--awb-caption-title-letter-spacing:var(--h2_typography-letter-spacing);\"><div class=\"imageframe-align-center\"><span class=\" fusion-imageframe imageframe-none imageframe-4 hover-type-zoomin\"><a class=\"fusion-no-lightbox\" href=\"https:\/\/brj.se\/?page_id=172\" target=\"_self\" aria-label=\"BRJ_portx3_476x381\"><img decoding=\"async\" width=\"476\" height=\"381\" src=\"https:\/\/brj.se\/wp-content\/uploads\/2018\/09\/BRJ_portx3_476x381.jpg\" alt class=\"img-responsive wp-image-44\" srcset=\"https:\/\/brj.se\/wp-content\/uploads\/2018\/09\/BRJ_portx3_476x381-200x160.jpg 200w, https:\/\/brj.se\/wp-content\/uploads\/2018\/09\/BRJ_portx3_476x381-400x320.jpg 400w, https:\/\/brj.se\/wp-content\/uploads\/2018\/09\/BRJ_portx3_476x381.jpg 476w\" sizes=\"(max-width: 800px) 100vw, 476px\" \/><\/a><\/span><\/div><\/div><div class=\"fusion-sep-clear\"><\/div><div class=\"fusion-separator fusion-full-width-sep\" style=\"margin-left: auto;margin-right: auto;margin-top:-1px;width:100%;\"><div class=\"fusion-separator-border sep-single sep-solid\" style=\"--awb-height:20px;--awb-amount:20px;--awb-sep-color:#000000;border-color:#000000;border-top-width:25px;\"><\/div><\/div><div class=\"fusion-sep-clear\"><\/div><div class=\"fusion-clearfix\"><\/div><\/div><\/div><div class=\"fusion-layout-column fusion_builder_column fusion-builder-column-5 fusion_builder_column_1_4 1_4 fusion-one-fourth fusion-column-last fusion-column-no-min-height fusion-column-inner-bg-wrapper\" style=\"--awb-inner-bg-size:cover;width:25%;width:calc(25% - ( ( 0% + 0% + 0% ) * 0.25 ) );\" data-scroll-devices=\"small-visibility,medium-visibility,large-visibility\"><span class=\"fusion-column-inner-bg hover-type-none\"><a class=\"fusion-column-anchor\" href=\"https:\/\/brj.se\/?page_id=176\"><span class=\"fusion-column-inner-bg-image\"><\/span><\/a><\/span><div class=\"fusion-column-wrapper fusion-column-has-shadow fusion-flex-column-wrapper-legacy\"><div class=\"fusion-image-element fusion-image-align-center in-legacy-container\" style=\"text-align:center;--awb-caption-title-font-family:var(--h2_typography-font-family);--awb-caption-title-font-weight:var(--h2_typography-font-weight);--awb-caption-title-font-style:var(--h2_typography-font-style);--awb-caption-title-size:var(--h2_typography-font-size);--awb-caption-title-transform:var(--h2_typography-text-transform);--awb-caption-title-line-height:var(--h2_typography-line-height);--awb-caption-title-letter-spacing:var(--h2_typography-letter-spacing);\"><div class=\"imageframe-align-center\"><span class=\" fusion-imageframe imageframe-none imageframe-5 hover-type-zoomin\"><a class=\"fusion-no-lightbox\" href=\"https:\/\/brj.se\/?page_id=176\" target=\"_self\" aria-label=\"BRJ_portx4_476x381\"><img decoding=\"async\" width=\"476\" height=\"381\" src=\"https:\/\/brj.se\/wp-content\/uploads\/2018\/09\/BRJ_portx4_476x381.jpg\" alt class=\"img-responsive wp-image-45\" srcset=\"https:\/\/brj.se\/wp-content\/uploads\/2018\/09\/BRJ_portx4_476x381-200x160.jpg 200w, https:\/\/brj.se\/wp-content\/uploads\/2018\/09\/BRJ_portx4_476x381-400x320.jpg 400w, https:\/\/brj.se\/wp-content\/uploads\/2018\/09\/BRJ_portx4_476x381.jpg 476w\" sizes=\"(max-width: 800px) 100vw, 476px\" \/><\/a><\/span><\/div><\/div><div class=\"fusion-sep-clear\"><\/div><div class=\"fusion-separator fusion-full-width-sep\" style=\"margin-left: auto;margin-right: auto;margin-top:-1px;width:100%;\"><div class=\"fusion-separator-border sep-single sep-solid\" style=\"--awb-height:20px;--awb-amount:20px;--awb-sep-color:#000000;border-color:#000000;border-top-width:25px;\"><\/div><\/div><div class=\"fusion-sep-clear\"><\/div><div class=\"fusion-clearfix\"><\/div><\/div><\/div><\/div><\/div><div class=\"fusion-fullwidth fullwidth-box fusion-builder-row-4 nonhundred-percent-fullwidth non-hundred-percent-height-scrolling\" style=\"--awb-border-radius-top-left:0px;--awb-border-radius-top-right:0px;--awb-border-radius-bottom-right:0px;--awb-border-radius-bottom-left:0px;--awb-flex-wrap:wrap;\" ><div class=\"fusion-builder-row fusion-row\"><div class=\"fusion-layout-column fusion_builder_column fusion-builder-column-6 fusion_builder_column_1_1 1_1 fusion-one-full fusion-column-first fusion-column-last\" style=\"--awb-bg-size:cover;\"><div class=\"fusion-column-wrapper fusion-flex-column-wrapper-legacy\"><div class=\"fusion-clearfix\"><\/div><\/div><\/div><\/div><\/div><div class=\"fusion-fullwidth fullwidth-box fusion-builder-row-5 nonhundred-percent-fullwidth non-hundred-percent-height-scrolling\" style=\"--awb-border-radius-top-left:0px;--awb-border-radius-top-right:0px;--awb-border-radius-bottom-right:0px;--awb-border-radius-bottom-left:0px;--awb-padding-top:10px;--awb-padding-bottom:20px;--awb-margin-top:30px;--awb-margin-bottom:10px;--awb-flex-wrap:wrap;\" ><div class=\"fusion-builder-row fusion-row\"><div class=\"fusion-layout-column fusion_builder_column fusion-builder-column-7 fusion_builder_column_1_1 1_1 fusion-one-full fusion-column-first fusion-column-last\" style=\"--awb-padding-top:0px;--awb-bg-size:cover;\"><div class=\"fusion-column-wrapper fusion-flex-column-wrapper-legacy\"><div class=\"fusion-text fusion-text-3\"><h2 style=\"text-align: center;\">F\u00f6r oss st\u00e5r kunden alltid i centrum!<\/h2>\n<\/div><div class=\"fusion-clearfix\"><\/div><\/div><\/div><\/div><\/div><div class=\"fusion-fullwidth fullwidth-box fusion-builder-row-6 nonhundred-percent-fullwidth non-hundred-percent-height-scrolling\" style=\"--awb-border-radius-top-left:0px;--awb-border-radius-top-right:0px;--awb-border-radius-bottom-right:0px;--awb-border-radius-bottom-left:0px;--awb-flex-wrap:wrap;\" ><div class=\"fusion-builder-row fusion-row\"><div class=\"fusion-layout-column fusion_builder_column fusion-builder-column-8 fusion_builder_column_1_3 1_3 fusion-one-third fusion-column-first\" style=\"--awb-bg-size:cover;width:33.333333333333%;width:calc(33.333333333333% - ( ( 4% + 4% ) * 0.33333333333333 ) );margin-right: 4%;\"><div class=\"fusion-column-wrapper fusion-flex-column-wrapper-legacy\"><div class=\"fusion-clearfix\"><\/div><\/div><\/div><div class=\"fusion-layout-column fusion_builder_column fusion-builder-column-9 fusion_builder_column_1_3 1_3 fusion-one-third\" style=\"--awb-bg-size:cover;width:33.333333333333%;width:calc(33.333333333333% - ( ( 4% + 4% ) * 0.33333333333333 ) );margin-right: 4%;\"><div class=\"fusion-column-wrapper fusion-flex-column-wrapper-legacy\"><div class=\"fusion-sep-clear\"><\/div><div class=\"fusion-separator fusion-full-width-sep\" style=\"margin-left: auto;margin-right: auto;width:100%;\"><div class=\"fusion-separator-border sep-single sep-solid\" style=\"--awb-height:20px;--awb-amount:20px;border-color:#e0dede;border-top-width:1px;\"><\/div><\/div><div class=\"fusion-sep-clear\"><\/div><div class=\"fusion-clearfix\"><\/div><\/div><\/div><div class=\"fusion-layout-column fusion_builder_column fusion-builder-column-10 fusion_builder_column_1_3 1_3 fusion-one-third fusion-column-last\" style=\"--awb-bg-size:cover;width:33.333333333333%;width:calc(33.333333333333% - ( ( 4% + 4% ) * 0.33333333333333 ) );\"><div class=\"fusion-column-wrapper fusion-flex-column-wrapper-legacy\"><div class=\"fusion-clearfix\"><\/div><\/div><\/div><\/div><\/div><div class=\"fusion-fullwidth fullwidth-box fusion-builder-row-7 nonhundred-percent-fullwidth non-hundred-percent-height-scrolling\" style=\"--awb-border-radius-top-left:0px;--awb-border-radius-top-right:0px;--awb-border-radius-bottom-right:0px;--awb-border-radius-bottom-left:0px;--awb-flex-wrap:wrap;\" ><div class=\"fusion-builder-row fusion-row\"><div class=\"fusion-layout-column fusion_builder_column fusion-builder-column-11 fusion_builder_column_1_1 1_1 fusion-one-full fusion-column-first fusion-column-last\" style=\"--awb-padding-right:20%;--awb-padding-bottom:50px;--awb-padding-left:20%;--awb-bg-size:cover;--awb-margin-top:5px;\"><div class=\"fusion-column-wrapper fusion-flex-column-wrapper-legacy\"><div class=\"fusion-text fusion-text-4\"><h5 style=\"text-align: center;\">Br\u00f6derna Johanssons Tr\u00e4f\u00f6r\u00e4dling levererar en av marknadens mest moderna d\u00f6rrkonstruktioner som uppfyller alla normer och s\u00e4rskilda krav. Fr\u00e5n v\u00e5r stora fabriks- och lagerlokal i Osby producerar vi och distribuerar d\u00f6rrar med h\u00f6ga krav p\u00e5 kvalit\u00e9, design och s\u00e4kerhet.<\/h5>\n<\/div><div class=\"fusion-image-element fusion-image-align-center in-legacy-container\" style=\"text-align:center;--awb-caption-title-font-family:var(--h2_typography-font-family);--awb-caption-title-font-weight:var(--h2_typography-font-weight);--awb-caption-title-font-style:var(--h2_typography-font-style);--awb-caption-title-size:var(--h2_typography-font-size);--awb-caption-title-transform:var(--h2_typography-text-transform);--awb-caption-title-line-height:var(--h2_typography-line-height);--awb-caption-title-letter-spacing:var(--h2_typography-letter-spacing);\"><div class=\"imageframe-align-center\"><span class=\" fusion-imageframe imageframe-none imageframe-6 hover-type-none\"><img decoding=\"async\" width=\"560\" height=\"186\" title=\"BRJ_logo_down_560x186\" src=\"https:\/\/brj.se\/wp-content\/uploads\/2018\/09\/BRJ_logo_down_560x186.jpg\" alt class=\"img-responsive wp-image-255\" srcset=\"https:\/\/brj.se\/wp-content\/uploads\/2018\/09\/BRJ_logo_down_560x186-200x66.jpg 200w, https:\/\/brj.se\/wp-content\/uploads\/2018\/09\/BRJ_logo_down_560x186-400x133.jpg 400w, https:\/\/brj.se\/wp-content\/uploads\/2018\/09\/BRJ_logo_down_560x186.jpg 560w\" sizes=\"(max-width: 800px) 100vw, 560px\" \/><\/span><\/div><\/div><div class=\"fusion-clearfix\"><\/div><\/div><\/div><\/div><\/div><\/p>\n","protected":false},"excerpt":{"rendered":"","protected":false},"author":1,"featured_media":0,"parent":0,"menu_order":0,"comment_status":"closed","ping_status":"closed","template":"100-width.php","meta":{"footnotes":""},"class_list":["post-7","page","type-page","status-publish","hentry"],"_links":{"self":[{"href":"https:\/\/brj.se\/index.php?rest_route=\/wp\/v2\/pages\/7","targetHints":{"allow":["GET"]}}],"collection":[{"href":"https:\/\/brj.se\/index.php?rest_route=\/wp\/v2\/pages"}],"about":[{"href":"https:\/\/brj.se\/index.php?rest_route=\/wp\/v2\/types\/page"}],"author":[{"embeddable":true,"href":"https:\/\/brj.se\/index.php?rest_route=\/wp\/v2\/users\/1"}],"replies":[{"embeddable":true,"href":"https:\/\/brj.se\/index.php?rest_route=%2Fwp%2Fv2%2Fcomments&post=7"}],"version-history":[{"count":33,"href":"https:\/\/brj.se\/index.php?rest_route=\/wp\/v2\/pages\/7\/revisions"}],"predecessor-version":[{"id":4018,"href":"https:\/\/brj.se\/index.php?rest_route=\/wp\/v2\/pages\/7\/revisions\/4018"}],"wp:attachment":[{"href":"https:\/\/brj.se\/index.php?rest_route=%2Fwp%2Fv2%2Fmedia&parent=7"}],"curies":[{"name":"wp","href":"https:\/\/api.w.org\/{rel}","templated":true}]}}