{"id":209,"date":"2018-09-13T11:29:58","date_gmt":"2018-09-13T09:29:58","guid":{"rendered":"http:\/\/brj.doffdata.se\/?page_id=209"},"modified":"2018-09-13T11:29:58","modified_gmt":"2018-09-13T09:29:58","slug":"garage-forradsdorrar","status":"publish","type":"page","link":"https:\/\/brj.se\/?page_id=209","title":{"rendered":"GARAGE &#038; F\u00d6RR\u00c5DSD\u00d6RRAR"},"content":{"rendered":"","protected":false},"excerpt":{"rendered":"","protected":false},"author":1,"featured_media":0,"parent":0,"menu_order":0,"comment_status":"closed","ping_status":"closed","template":"","meta":{"footnotes":""},"class_list":["post-209","page","type-page","status-publish","hentry"],"_links":{"self":[{"href":"https:\/\/brj.se\/index.php?rest_route=\/wp\/v2\/pages\/209","targetHints":{"allow":["GET"]}}],"collection":[{"href":"https:\/\/brj.se\/index.php?rest_route=\/wp\/v2\/pages"}],"about":[{"href":"https:\/\/brj.se\/index.php?rest_route=\/wp\/v2\/types\/page"}],"author":[{"embeddable":true,"href":"https:\/\/brj.se\/index.php?rest_route=\/wp\/v2\/users\/1"}],"replies":[{"embeddable":true,"href":"https:\/\/brj.se\/index.php?rest_route=%2Fwp%2Fv2%2Fcomments&post=209"}],"version-history":[{"count":1,"href":"https:\/\/brj.se\/index.php?rest_route=\/wp\/v2\/pages\/209\/revisions"}],"predecessor-version":[{"id":210,"href":"https:\/\/brj.se\/index.php?rest_route=\/wp\/v2\/pages\/209\/revisions\/210"}],"wp:attachment":[{"href":"https:\/\/brj.se\/index.php?rest_route=%2Fwp%2Fv2%2Fmedia&parent=209"}],"curies":[{"name":"wp","href":"https:\/\/api.w.org\/{rel}","templated":true}]}}