{"id":1582,"date":"2021-06-10T08:52:26","date_gmt":"2021-06-10T06:52:26","guid":{"rendered":"https:\/\/brj.se\/?page_id=1582"},"modified":"2021-06-10T09:10:16","modified_gmt":"2021-06-10T07:10:16","slug":"eftermarknad-2","status":"publish","type":"page","link":"https:\/\/brj.se\/?page_id=1582","title":{"rendered":"EFTERMARKNAD"},"content":{"rendered":"<div class=\"fusion-fullwidth fullwidth-box fusion-builder-row-1 nonhundred-percent-fullwidth non-hundred-percent-height-scrolling\" style=\"--awb-border-radius-top-left:0px;--awb-border-radius-top-right:0px;--awb-border-radius-bottom-right:0px;--awb-border-radius-bottom-left:0px;--awb-flex-wrap:wrap;\" ><div class=\"fusion-builder-row fusion-row\"><div class=\"fusion-layout-column fusion_builder_column fusion-builder-column-0 fusion_builder_column_1_6 1_6 fusion-one-sixth fusion-column-first\" style=\"--awb-bg-size:cover;width:16.666666666667%;width:calc(16.666666666667% - ( ( 4% + 4% ) * 0.16666666666667 ) );margin-right: 4%;\"><div class=\"fusion-column-wrapper fusion-column-has-shadow fusion-flex-column-wrapper-legacy\"><div class=\"fusion-clearfix\"><\/div><\/div><\/div><div class=\"fusion-layout-column fusion_builder_column fusion-builder-column-1 fusion_builder_column_2_3 2_3 fusion-two-third\" style=\"--awb-bg-size:cover;width:66.666666666667%;width:calc(66.666666666667% - ( ( 4% + 4% ) * 0.66666666666667 ) );margin-right: 4%;\"><div class=\"fusion-column-wrapper fusion-column-has-shadow fusion-flex-column-wrapper-legacy\"><div class=\"accordian fusion-accordian\" style=\"--awb-border-size:1px;--awb-icon-size:13px;--awb-content-font-size:15px;--awb-icon-alignment:left;--awb-hover-color:#f9f9f9;--awb-border-color:#cccccc;--awb-background-color:#ffffff;--awb-divider-color:#e0dede;--awb-divider-hover-color:#e0dede;--awb-icon-color:#ffffff;--awb-title-color:#333333;--awb-content-color:#7c7c7c;--awb-icon-box-color:#333333;--awb-toggle-hover-accent-color:#bf3527;--awb-title-font-family:&quot;Raleway&quot;;--awb-title-font-weight:200;--awb-title-font-style:normal;--awb-title-font-size:22px;--awb-title-line-height:30px;--awb-content-font-family:&quot;Raleway&quot;;--awb-content-font-style:normal;--awb-content-font-weight:300;\"><div class=\"panel-group fusion-toggle-icon-boxed\" id=\"accordion-1582-1\"><div class=\"fusion-panel panel-default panel-98e6364e1a64a533b fusion-toggle-has-divider\"><div class=\"panel-heading\"><h4 class=\"panel-title toggle\" id=\"toggle_98e6364e1a64a533b\"><a class=\"active\" aria-expanded=\"true\" aria-controls=\"98e6364e1a64a533b\" role=\"button\" data-toggle=\"collapse\" data-parent=\"#accordion-1582-1\" data-target=\"#98e6364e1a64a533b\" href=\"#98e6364e1a64a533b\"><span class=\"fusion-toggle-icon-wrapper\" aria-hidden=\"true\"><i class=\"fa-fusion-box active-icon awb-icon-minus\" aria-hidden=\"true\"><\/i><i class=\"fa-fusion-box inactive-icon awb-icon-plus\" aria-hidden=\"true\"><\/i><\/span><span class=\"fusion-toggle-heading\">TRANSPORT OCH MOTTAGNINGSKONTROLL<\/span><\/a><\/h4><\/div><div id=\"98e6364e1a64a533b\" class=\"panel-collapse collapse in\" aria-labelledby=\"toggle_98e6364e1a64a533b\"><div class=\"panel-body toggle-content fusion-clearfix\">\n<p style=\"padding-left: 30px;\"><span style=\"color: #33cccc;\">\u2666<\/span> Transporter ska ALLTID ske i t\u00e4ckta fordon<br \/>\n<span style=\"color: #33cccc;\">\u2666<\/span> Under transporten skall produkterna skyddas mot fukt, nederb\u00f6rd och nedsmutsning<br \/>\n<span style=\"color: #33cccc;\">\u2666<\/span> Produkterna skall transporteras st\u00e5ende p\u00e5 karmens utsida, st\u00e4lld och f\u00f6rankrad p\u00e5 pall e dyl f\u00f6r s\u00e4kert lyft samt transport.<br \/>\n<span style=\"color: #33cccc;\">\u2666<\/span> Kvittera ALDRIG fraktsedeln utan att mottagningskontroll utf\u00f6rts, fraktsedelskvittensen \u00e4r att betrakta som en juridisk handling!<br \/>\n<span style=\"color: #33cccc;\">\u2666<\/span> Det \u00e4r MYCKET viktigt, att kontrollera b\u00e5de emballage och gods vid ankomst samt anm\u00e4la yttre synliga skador direkt till chauff\u00f6ren, som ska bekr\u00e4fta och signera fraktsedeln.<br \/>\n<span style=\"color: #33cccc;\">\u2666<\/span> Likas\u00e5 skall leveransens omfattning kontrolleras, s\u00e5 att inget saknas enligt f\u00f6ljesedel och orderbekr\u00e4ftelse.<br \/>\n<span style=\"color: #33cccc;\">\u2666<\/span> Om mottagaren som skriver p\u00e5 fraktsedeln, INTE g\u00f6r en mottagningskontroll och anm\u00e4rkning p\u00e5 fraktsedelns kvittensdel, ligger ansvaret helt hos mottagaren.<br \/>\n<span style=\"color: #33cccc;\">\u2666<\/span> Produkten ska dessutom alltid kontrolleras F\u00d6RE montering, f\u00f6r att uppt\u00e4cka eventuella skador, vilka ska fotograferas och anm\u00e4las.<br \/>\n<span style=\"color: #33cccc;\">\u2666<\/span> Vid saknat gods samt transportskador, ska signerad fraktsedelkvittens och foton bifogas.<br \/>\n<span style=\"color: #33cccc;\">\u2666<\/span> Anm\u00e4lan ska alltid g\u00f6ras till de ni k\u00f6pte produkterna av.<br \/>\n<span style=\"color: #33cccc;\">\u2666<\/span> Skador som uppkommit till f\u00f6ljd av ovarsam eller felaktig hantering efter att produkten \u00e4r mottagen, godtas INTE som reklamation.<\/p>\n<\/div><\/div><\/div><div class=\"fusion-panel panel-default panel-be602638895b31043 fusion-toggle-has-divider\"><div class=\"panel-heading\"><h4 class=\"panel-title toggle\" id=\"toggle_be602638895b31043\"><a aria-expanded=\"false\" aria-controls=\"be602638895b31043\" role=\"button\" data-toggle=\"collapse\" data-parent=\"#accordion-1582-1\" data-target=\"#be602638895b31043\" href=\"#be602638895b31043\"><span class=\"fusion-toggle-icon-wrapper\" aria-hidden=\"true\"><i class=\"fa-fusion-box active-icon awb-icon-minus\" aria-hidden=\"true\"><\/i><i class=\"fa-fusion-box inactive-icon awb-icon-plus\" aria-hidden=\"true\"><\/i><\/span><span class=\"fusion-toggle-heading\">REKLAMATION<\/span><\/a><\/h4><\/div><div id=\"be602638895b31043\" class=\"panel-collapse collapse \" aria-labelledby=\"toggle_be602638895b31043\"><div class=\"panel-body toggle-content fusion-clearfix\">\n<h3>REKLAMATION<\/h3>\n<p><strong>Innan anm\u00e4lan:<\/strong><\/p>\n<p style=\"padding-left: 30px;\"><span style=\"color: #33cccc;\">\u2666<\/span> Kontrollera att felet inte \u00e4r en transportskada, l\u00e4s medf\u00f6ljande broschyr MONTERING- OCH SK\u00d6TSELANVISNING, under rubrik Transport och mottagning samt ovanst\u00e5ende avsnitt TRANSPORT OCH MOTTAGNINGSKONTROLL.<br \/>\n<span style=\"color: #33cccc;\">\u2666<\/span> Kontrollera att montage och underh\u00e5ll \u00e4r r\u00e4tt utf\u00f6rda, enligt medf\u00f6ljande broschyr MONTERING- OCH SK\u00d6TSELANVISNING.<br \/>\n<span style=\"color: #33cccc;\">\u2666<\/span> Vid anm\u00e4lan om tillverkningsfel v\u00e4nder man sig till sin \u00e5terf\u00f6rs\u00e4ljare, senast 2 m\u00e5nader efter mottagandet.<br \/>\n<span style=\"color: #33cccc;\">\u2666<\/span> Om anm\u00e4lan visar sig vara ett fel som uppkommit av andra orsaker \u00e4n tillverkningsfel, debiteras anm\u00e4laren en kostnad, l\u00e4gst 1600 kronor<\/p>\n<p><a href=\"https:\/\/brj.se\/?page_id=1267\"><span style=\"color: #33cccc;\">Klicka h\u00e4r och fyll i Reklamationsblanketten, endast f\u00f6r \u00e5terf\u00f6rs\u00e4ljare.<\/span><\/a><\/p>\n<h3>RIKTLINJER F\u00d6R BED\u00d6MNING<\/h3>\n<p><strong>Vid kvalitetsbed\u00f6mning anv\u00e4nds betraktelseavst\u00e5nd. Metoden anv\u00e4nds f\u00f6r bed\u00f6mning av aluminium, tr\u00e4 och glasytor.<\/strong><\/p>\n<p style=\"padding-left: 30px;\"><span style=\"color: #33cccc;\">\u2666<\/span> Defekter som f\u00e4rgnyanser, bl\u00e5sor, repor o dyl. som inte \u00e4r synligt p\u00e5 3 meters avst\u00e5nd f\u00e5r f\u00f6rekomma. Interi\u00f6rt p\u00e5 tr\u00e4detaljer \u00e4r det 1,5 m som g\u00e4ller.<\/p>\n<h3>GENERELLT GLAS<\/h3>\n<p><strong>Reng\u00f6ring av glas<\/strong><\/p>\n<p style=\"padding-left: 30px;\"><span style=\"color: #33cccc;\">\u2666<\/span> Reng\u00f6r inte glaset n\u00e4r det \u00e4r varmt eller i direkt solljus!<br \/>\n<span style=\"color: #33cccc;\">\u2666<\/span> Den f\u00f6rsta reng\u00f6ringen av glas efter byggets avslutande, ska alltid utf\u00f6ras med mycket vatten. Detta f\u00f6r att undvika repor orsakade av damm, sand, gips och betongst\u00e4nk etc.<br \/>\n<span style=\"color: #33cccc;\">\u2666<\/span> Etiketter p\u00e5 nya rutor tas bort genom att bl\u00f6ta upp dem med varmt vatten.<br \/>\n<span style=\"color: #33cccc;\">\u2666<\/span> Etikettrester tas f\u00f6rsiktigt bort med utsp\u00e4dd T-r\u00f6d eller putsmedel f\u00f6r spish\u00e4llar, UTAN slipmedel!<br \/>\n<span style=\"color: #33cccc;\">\u2666<\/span> Glas ska d\u00e4refter reng\u00f6ras med vanligt f\u00f6nsterputs eller varmt vatten, tillsatt med en tesked s\u00e5pa per liter. Den utv\u00e4ndiga tv\u00e4ttningen b\u00f6r \u00e4ven omfatta karm och b\u00e5ge.<br \/>\n<span style=\"color: #33cccc;\">\u2666<\/span> Anv\u00e4nd ALDRIG reng\u00f6ringsmedel som inneh\u00e5ller fluorv\u00e4te- eller fosforsyror, eftersom dessa verkar korrosivt p\u00e5 glas.<br \/>\n<span style=\"color: #33cccc;\">\u2666<\/span> Slipande reng\u00f6ringsmedel, pulverbaserade reng\u00f6ringsmedel, skurpulver, putsmedel f\u00f6r spish\u00e4llar med slipmedel eller andra liknande produkter, ska ALDRIG anv\u00e4ndas!<br \/>\n<span style=\"color: #33cccc;\">\u2666<\/span> F\u00f6r glas som angr\u00e4nsar till betong (exempelvis betonggolv, betongsmygar etc.) kr\u00e4vs extra varsamhet vid reng\u00f6ring, beroende p\u00e5 slipande egenskaper i betongdamm.<\/p>\n<p><strong>Yttre skador i glas<\/strong><\/p>\n<p>Glas har en h\u00e5rd yta, men kan skadas av exempelvis:<\/p>\n<p style=\"padding-left: 30px;\"><span style=\"color: #33cccc;\">\u2666<\/span> Fel reng\u00f6ring, se ovan.<br \/>\n<span style=\"color: #33cccc;\">\u2666<\/span> Skarpa f\u00f6rem\u00e5l (st\u00e5lull, sandpapper, verktyg osv).<br \/>\n<span style=\"color: #33cccc;\">\u2666<\/span> Avrinning fr\u00e5n betong och murbruk samt kemikaliehaltig luft, kan etsa glaset s\u00e5 den blir matt.<br \/>\n<span style=\"color: #33cccc;\">\u2666<\/span> Svetssprut och sprut fr\u00e5n vinkelslip, som br\u00e4nner fast i glaset och orsakar ytskador<\/p>\n<p><strong>Ytskador som kan h\u00e4nf\u00f6ras till ovanst\u00e5ende, friar tillverkaren ifr\u00e5n ers\u00e4ttningsansvar!<\/strong><\/p>\n<p><strong>Besiktning av glas<\/strong><\/p>\n<p style=\"padding-left: 30px;\"><span style=\"color: #33cccc;\">\u2666<\/span> Betraktelseavst\u00e5nd \u00e4r 3 meter och vinkelr\u00e4tt emot glasytan, i normalt dagsljus utan direkt solljus som f\u00f6rst\u00e4rker eventuella fel.<br \/>\nGlas \u00e4r en naturprodukt best\u00e5ende av bl.a. sand, soda och kalk. \u00c4ven om r\u00e5materialen reng\u00f6rs noggrant kan det inte undg\u00e5s att orenheter, i enskilda fall kan ge upphov till punktfel i glaset.<br \/>\n<span style=\"color: #33cccc;\">\u2666<\/span> Orenheter, f\u00f6roreningar mellan glas och andra fel som inte \u00e4r tydligt synliga, eller bara \u00e4r synliga under viss \u00e5rstid, i ett best\u00e4mt ljus eller best\u00e4md tidpunkt p\u00e5 dagen fr\u00e5n detta avst\u00e5nd, \u00e4r inte grund f\u00f6r reklamation och ers\u00e4ttning.<br \/>\n<span style=\"color: #33cccc;\">\u2666<\/span> Glastillverkaren \u00e4ger r\u00e4tten att utf\u00f6ra opartisk besiktning av glaset. H\u00e4nvisning; Riktlinjer f\u00f6r kvalitetsbed\u00f6mning och reklamationshantering av planglas, utgiven av Svensk Planglasf\u00f6rening.<\/p>\n<p style=\"padding-left: 30px;\"><strong>Kondens<\/strong><\/p>\n<p style=\"padding-left: 30px;\"><span style=\"color: #33cccc;\">\u2666<\/span> Utv\u00e4ndigt: kan f\u00f6rekomma pga mycket bra isolering (l\u00e5gt u-v\u00e4rde) d.v.s. kall glasyta p\u00e5 utsidan. Exempel: vid fuktig luft utomhus, t.ex. under h\u00f6sten mellan kv\u00e4ll och tidig morgon.<br \/>\n<span style=\"color: #33cccc;\">\u2666<\/span> Inv\u00e4ndigt: kan f\u00f6rekomma pga h\u00f6g fuktighet och d\u00e5lig ventilation inomhus. Exempel: vid fuktig luft inomhus, t.ex. vid bad och dusch bildas imma p\u00e5 inre glaset (liksom badrumsspegeln).<\/p>\n<\/div><\/div><\/div><div class=\"fusion-panel panel-default panel-217097fd72ec88e52 fusion-toggle-has-divider\"><div class=\"panel-heading\"><h4 class=\"panel-title toggle\" id=\"toggle_217097fd72ec88e52\"><a aria-expanded=\"false\" aria-controls=\"217097fd72ec88e52\" role=\"button\" data-toggle=\"collapse\" data-parent=\"#accordion-1582-1\" data-target=\"#217097fd72ec88e52\" href=\"#217097fd72ec88e52\"><span class=\"fusion-toggle-icon-wrapper\" aria-hidden=\"true\"><i class=\"fa-fusion-box active-icon awb-icon-minus\" aria-hidden=\"true\"><\/i><i class=\"fa-fusion-box inactive-icon awb-icon-plus\" aria-hidden=\"true\"><\/i><\/span><span class=\"fusion-toggle-heading\">GARANTIER<\/span><\/a><\/h4><\/div><div id=\"217097fd72ec88e52\" class=\"panel-collapse collapse \" aria-labelledby=\"toggle_217097fd72ec88e52\"><div class=\"panel-body toggle-content fusion-clearfix\">\n<div class=\"acc-container\">\n<article class=\"content\">F\u00f6rutsatt att anvisningar om transport, hantering, lagring, montering, sk\u00f6tsel och underh\u00e5ll f\u00f6ljts, l\u00e4mnas 10 \u00e5rs garanti p\u00e5 f\u00f6ljande:<\/p>\n<p style=\"padding-left: 30px;\"><span style=\"color: #33cccc;\">\u2666<\/span> Kondens mellan glas.<br \/>\n<span style=\"color: #33cccc;\">\u2666<\/span> Funktion inkl beslag.<br \/>\n<span style=\"color: #33cccc;\">\u2666<\/span> R\u00f6tskador p\u00e5 fabriksm\u00e5lade produkter. F\u00f6r ej ytbehandlade produkter g\u00e4ller 2 \u00e5r.<br \/>\n<span style=\"color: #33cccc;\">\u2666 <span style=\"color: #000000;\">Vid annan kul\u00f6r \u00e4n standard vit, g\u00e4ller ingen garanti f\u00f6r ytans best\u00e4ndighet.<\/span><\/span><br \/>\n<span style=\"color: #33cccc;\">\u2666<\/span> Ingen garanti l\u00e4mnas f\u00f6r f\u00e4rgavmattning, beror p\u00e5 sk\u00f6tsel och underh\u00e5ll.<\/p>\n<p>Br. Johanssons Tr\u00e4f\u00f6r\u00e4dling \u00e5tar sig att avhj\u00e4lpa fel, som omfattas av ovan garantier.<br \/>\nFelet kan \u00e5tg\u00e4rdas genom reparation av befintlig produkt, utbyte av delar eller hel produkt.<\/p>\n<\/article>\n<\/div>\n<\/div><\/div><\/div><\/div><\/div><div class=\"fusion-clearfix\"><\/div><\/div><\/div><div class=\"fusion-layout-column fusion_builder_column fusion-builder-column-2 fusion_builder_column_1_6 1_6 fusion-one-sixth fusion-column-last\" style=\"--awb-bg-size:cover;width:16.666666666667%;width:calc(16.666666666667% - ( ( 4% + 4% ) * 0.16666666666667 ) );\"><div class=\"fusion-column-wrapper fusion-column-has-shadow fusion-flex-column-wrapper-legacy\"><div class=\"fusion-clearfix\"><\/div><\/div><\/div><\/div><\/div>\n","protected":false},"excerpt":{"rendered":"","protected":false},"author":1,"featured_media":0,"parent":0,"menu_order":0,"comment_status":"closed","ping_status":"closed","template":"","meta":{"footnotes":""},"class_list":["post-1582","page","type-page","status-publish","hentry"],"_links":{"self":[{"href":"https:\/\/brj.se\/index.php?rest_route=\/wp\/v2\/pages\/1582","targetHints":{"allow":["GET"]}}],"collection":[{"href":"https:\/\/brj.se\/index.php?rest_route=\/wp\/v2\/pages"}],"about":[{"href":"https:\/\/brj.se\/index.php?rest_route=\/wp\/v2\/types\/page"}],"author":[{"embeddable":true,"href":"https:\/\/brj.se\/index.php?rest_route=\/wp\/v2\/users\/1"}],"replies":[{"embeddable":true,"href":"https:\/\/brj.se\/index.php?rest_route=%2Fwp%2Fv2%2Fcomments&post=1582"}],"version-history":[{"count":6,"href":"https:\/\/brj.se\/index.php?rest_route=\/wp\/v2\/pages\/1582\/revisions"}],"predecessor-version":[{"id":1594,"href":"https:\/\/brj.se\/index.php?rest_route=\/wp\/v2\/pages\/1582\/revisions\/1594"}],"wp:attachment":[{"href":"https:\/\/brj.se\/index.php?rest_route=%2Fwp%2Fv2%2Fmedia&parent=1582"}],"curies":[{"name":"wp","href":"https:\/\/api.w.org\/{rel}","templated":true}]}}